{"id":180,"date":"2026-02-23T08:44:04","date_gmt":"2026-02-23T08:44:04","guid":{"rendered":"https:\/\/denizciliktarihi.pirireis.edu.tr\/?page_id=180"},"modified":"2026-02-23T12:48:19","modified_gmt":"2026-02-23T12:48:19","slug":"kurullar","status":"publish","type":"page","link":"https:\/\/denizciliktarihi.pirireis.edu.tr\/en\/kurullar\/","title":{"rendered":"Committees"},"content":{"rendered":"<h2><strong>Onur Kurulu<\/strong><\/h2>\n<ul>\n<li>Prof. Dr. Nafiz Ar\u0131ca &#8211; Piri Reis \u00dcniversitesi Rekt\u00f6r\u00fc<\/li>\n<li>Prof. Dr. Y\u00fcksel \u00d6zgen &#8211;\u00a0 T\u00fcrk Tarih Kurumu Ba\u015fkan\u0131<\/li>\n<li>Tamer K\u0131ran &#8211; Deniz Ticaret Odas\u0131 Ba\u015fkan\u0131<\/li>\n<li>(E) Oramiral Metin Ata\u00e7 &#8211; PR\u00dc M\u00fctevelli Heyeti \u00dcyesi<\/li>\n<li>Dr, Yasin Y\u0131ld\u0131z &#8211; T.C. Milli Saraylar Ba\u015fkanl\u0131\u011f\u0131 Ba\u015fkan\u0131<\/li>\n<li>Prof. Dr. Nevzat \u015eim\u015fek &#8211; FSMV\u00dc Rekt\u00f6r\u00fc<\/li>\n<li>Mecit \u00c7ET\u0130NKAYA &#8211; Prof. Dr. Fuat Sezgin \u0130slam Bilim Tarihi Ara\u015ft\u0131rmalar\u0131 Vakf\u0131 Y\u00f6netim Kurulu Ba\u015fkan\u0131<strong>\u00a0<\/strong><\/li>\n<\/ul>\n<h2><strong>Bilim Kurulu<\/strong><\/h2>\n<ul>\n<li>Prof. Dr. \u0130dris Bostan (Ba\u015fkan)<\/li>\n<li>Prof. Dr. Mahmut Ak<\/li>\n<li>Prof. Dr. Erhan Afyoncu<\/li>\n<li>Prof. Dr. Mehmet \u0130p\u015firli<\/li>\n<li>Prof. Dr. Rhoads Murphey<\/li>\n<li>Prof. Dr. Dejanirah Couto<\/li>\n<li>Prof. Dr. Chakib Benafri<\/li>\n<li>Prof. Dr. Vera Costantini<\/li>\n<li>Prof. Dr. Abd\u00fclhamit T\u00fcfek\u00e7io\u011flu<\/li>\n<li>Prof. Dr. Mikail Ac\u0131p\u0131nar<\/li>\n<li>Prof. Dr. Mustafa Ka\u00e7ar<\/li>\n<li>Prof. Dr. Metin Ziya K\u00f6se<\/li>\n<li>Prof. Dr. G\u00fcne\u015f I\u015f\u0131ksel<\/li>\n<li>Prof. Dr. P\u0131nar Emiralio\u011flu<\/li>\n<li>Do\u00e7. Dr. G\u00fcner Do\u011fan<\/li>\n<li>Do\u00e7. Dr. \u0130lhami Dan\u0131\u015f<\/li>\n<li>Do\u00e7. Dr. M. Sait T\u00fcrkhan<\/li>\n<li>Do\u00e7. Dr Ahmet \u00dcst\u00fcner<\/li>\n<li>Do\u00e7. Dr. Yusuf Alperen Ayd\u0131n<\/li>\n<li>Do\u00e7. Dr. \u00d6zg\u00fcr Oral<\/li>\n<li>Do\u00e7 Dr. Mehmet Korkmaz<\/li>\n<li>Do\u00e7. Dr. Fatma \u015eim\u015fek<\/li>\n<li>Do\u00e7. Dr. Emre K\u0131l\u0131\u00e7aslan<\/li>\n<li>Assist Prof. Tarek KAHLAOUI<\/li>\n<li>Dr. \u0130nci Pamuk<\/li>\n<\/ul>\n<h2><strong>D\u00fczenleme Kurulu<\/strong><\/h2>\n<ul>\n<li>Prof. Dr. M. Ziya S\u00f6\u011f\u00fct<\/li>\n<li>Do\u00e7. Dr. \u0130lhami Dan\u0131\u015f<\/li>\n<li>Dr. U\u011fur Baran Hana\u011fas\u0131<\/li>\n<\/ul>\n","protected":false},"excerpt":{"rendered":"<p>Onur Kurulu Prof. Dr. Nafiz Ar\u0131ca &#8211; Piri Reis \u00dcniversitesi Rekt\u00f6r\u00fc Prof. Dr. Y\u00fcksel \u00d6zgen &#8211;\u00a0 T\u00fcrk Tarih Kurumu Ba\u015fkan\u0131 Tamer K\u0131ran &#8211; Deniz Ticaret Odas\u0131 Ba\u015fkan\u0131 (E) Oramiral Metin Ata\u00e7 &#8211; PR\u00dc M\u00fctevelli Heyeti \u00dcyesi Dr, Yasin Y\u0131ld\u0131z &#8211; T.C. Milli Saraylar Ba\u015fkanl\u0131\u011f\u0131 Ba\u015fkan\u0131 Prof. Dr. Nevzat \u015eim\u015fek &#8211; FSMV\u00dc Rekt\u00f6r\u00fc Mecit \u00c7ET\u0130NKAYA &#8211; [&hellip;]<\/p>\n","protected":false},"author":1,"featured_media":0,"parent":0,"menu_order":0,"comment_status":"closed","ping_status":"closed","template":"page-text.php","meta":{"_acf_changed":false,"footnotes":""},"class_list":["post-180","page","type-page","status-publish","hentry"],"acf":[],"_links":{"self":[{"href":"https:\/\/denizciliktarihi.pirireis.edu.tr\/en\/wp-json\/wp\/v2\/pages\/180","targetHints":{"allow":["GET"]}}],"collection":[{"href":"https:\/\/denizciliktarihi.pirireis.edu.tr\/en\/wp-json\/wp\/v2\/pages"}],"about":[{"href":"https:\/\/denizciliktarihi.pirireis.edu.tr\/en\/wp-json\/wp\/v2\/types\/page"}],"author":[{"embeddable":true,"href":"https:\/\/denizciliktarihi.pirireis.edu.tr\/en\/wp-json\/wp\/v2\/users\/1"}],"replies":[{"embeddable":true,"href":"https:\/\/denizciliktarihi.pirireis.edu.tr\/en\/wp-json\/wp\/v2\/comments?post=180"}],"version-history":[{"count":6,"href":"https:\/\/denizciliktarihi.pirireis.edu.tr\/en\/wp-json\/wp\/v2\/pages\/180\/revisions"}],"predecessor-version":[{"id":273,"href":"https:\/\/denizciliktarihi.pirireis.edu.tr\/en\/wp-json\/wp\/v2\/pages\/180\/revisions\/273"}],"wp:attachment":[{"href":"https:\/\/denizciliktarihi.pirireis.edu.tr\/en\/wp-json\/wp\/v2\/media?parent=180"}],"curies":[{"name":"wp","href":"https:\/\/api.w.org\/{rel}","templated":true}]}}